{"id":2024,"date":"2025-10-08T17:38:05","date_gmt":"2025-10-08T17:38:05","guid":{"rendered":"https:\/\/corefm.be\/nos-services\/"},"modified":"2025-10-11T17:48:28","modified_gmt":"2025-10-11T17:48:28","slug":"nos-services","status":"publish","type":"page","link":"https:\/\/corefm.be\/fr\/nos-services\/","title":{"rendered":"Nos services"},"content":{"rendered":"\t\t<div data-elementor-type=\"wp-page\" data-elementor-id=\"2024\" class=\"elementor elementor-2024 elementor-1880\" data-elementor-post-type=\"page\">\n\t\t\t\t<div class=\"elementor-element elementor-element-7d29560 e-flex e-con-boxed e-con e-parent\" data-id=\"7d29560\" data-element_type=\"container\" data-e-type=\"container\" data-settings=\"{&quot;background_background&quot;:&quot;classic&quot;}\">\n\t\t\t\t\t<div class=\"e-con-inner\">\n\t\t\t\t<div class=\"elementor-element elementor-element-576084f elementor-widget elementor-widget-heading\" data-id=\"576084f\" data-element_type=\"widget\" data-e-type=\"widget\" data-widget_type=\"heading.default\">\n\t\t\t\t<div class=\"elementor-widget-container\">\n\t\t\t\t\t<h2 class=\"elementor-heading-title elementor-size-default\">Nos services<\/h2>\t\t\t\t<\/div>\n\t\t\t\t<\/div>\n\t\t<div class=\"elementor-element elementor-element-825edcc e-con-full e-grid e-con e-child\" data-id=\"825edcc\" data-element_type=\"container\" data-e-type=\"container\">\n\t\t<div class=\"elementor-element elementor-element-bdb6045 e-con-full e-flex e-con e-child\" data-id=\"bdb6045\" data-element_type=\"container\" data-e-type=\"container\">\n\t\t\t\t<div class=\"elementor-element elementor-element-5a6d50c dce_masking-none elementor-widget elementor-widget-image\" data-id=\"5a6d50c\" data-element_type=\"widget\" data-e-type=\"widget\" data-widget_type=\"image.default\">\n\t\t\t\t<div class=\"elementor-widget-container\">\n\t\t\t\t\t\t\t\t\t\t\t\t\t\t\t\t<a href=\"https:\/\/corefm.be\/fr\/coordination-de-la-renovation-energetique\/\">\n\t\t\t\t\t\t\t<img fetchpriority=\"high\" decoding=\"async\" width=\"800\" height=\"800\" src=\"https:\/\/corefm.be\/wp-content\/uploads\/2023\/09\/Decision-Making.svg\" class=\"attachment-large size-large wp-image-1251\" alt=\"\" \/>\t\t\t\t\t\t\t\t<\/a>\n\t\t\t\t\t\t\t\t\t\t\t\t\t\t\t<\/div>\n\t\t\t\t<\/div>\n\t\t\t\t<div class=\"elementor-element elementor-element-186fcdf elementor-widget elementor-widget-text-editor\" data-id=\"186fcdf\" data-element_type=\"widget\" data-e-type=\"widget\" data-widget_type=\"text-editor.default\">\n\t\t\t\t<div class=\"elementor-widget-container\">\n\t\t\t\t\t\t\t\t\t<p><strong>Coordination<\/strong><\/p>\n\t\t\t\t\t\t\t\t<\/div>\n\t\t\t\t<\/div>\n\t\t\t\t<\/div>\n\t\t<div class=\"elementor-element elementor-element-6b29b45 e-con-full e-flex e-con e-child\" data-id=\"6b29b45\" data-element_type=\"container\" data-e-type=\"container\">\n\t\t\t\t<div class=\"elementor-element elementor-element-daea515 dce_masking-none elementor-widget elementor-widget-image\" data-id=\"daea515\" data-element_type=\"widget\" data-e-type=\"widget\" data-widget_type=\"image.default\">\n\t\t\t\t<div class=\"elementor-widget-container\">\n\t\t\t\t\t\t\t\t\t\t\t\t\t\t\t\t<a href=\"https:\/\/corefm.be\/fr\/audit-energetique\/\">\n\t\t\t\t\t\t\t<img decoding=\"async\" width=\"800\" height=\"800\" src=\"https:\/\/corefm.be\/wp-content\/uploads\/2023\/09\/Workspace-kopie.svg\" class=\"attachment-large size-large wp-image-1242\" alt=\"\" \/>\t\t\t\t\t\t\t\t<\/a>\n\t\t\t\t\t\t\t\t\t\t\t\t\t\t\t<\/div>\n\t\t\t\t<\/div>\n\t\t\t\t<div class=\"elementor-element elementor-element-11f4db4 elementor-widget elementor-widget-text-editor\" data-id=\"11f4db4\" data-element_type=\"widget\" data-e-type=\"widget\" data-widget_type=\"text-editor.default\">\n\t\t\t\t<div class=\"elementor-widget-container\">\n\t\t\t\t\t\t\t\t\t<p><strong>Audit \u00e9nerg\u00e9tique<\/strong><\/p>\n\t\t\t\t\t\t\t\t<\/div>\n\t\t\t\t<\/div>\n\t\t\t\t<\/div>\n\t\t<div class=\"elementor-element elementor-element-5c40252 e-con-full e-flex e-con e-child\" data-id=\"5c40252\" data-element_type=\"container\" data-e-type=\"container\">\n\t\t\t\t<div class=\"elementor-element elementor-element-2b2a18c dce_masking-none elementor-widget elementor-widget-image\" data-id=\"2b2a18c\" data-element_type=\"widget\" data-e-type=\"widget\" data-widget_type=\"image.default\">\n\t\t\t\t<div class=\"elementor-widget-container\">\n\t\t\t\t\t\t\t\t\t\t\t\t\t\t\t\t<a href=\"https:\/\/corefm.be\/fr\/certificats-peb\/\">\n\t\t\t\t\t\t\t<img decoding=\"async\" width=\"192\" height=\"192\" src=\"https:\/\/corefm.be\/wp-content\/uploads\/2023\/09\/Developing-kopie@4x.png\" class=\"attachment-large size-large wp-image-1245\" alt=\"\" srcset=\"https:\/\/corefm.be\/wp-content\/uploads\/2023\/09\/Developing-kopie@4x.png 192w, https:\/\/corefm.be\/wp-content\/uploads\/2023\/09\/Developing-kopie@4x-150x150.png 150w\" sizes=\"(max-width: 192px) 100vw, 192px\" \/>\t\t\t\t\t\t\t\t<\/a>\n\t\t\t\t\t\t\t\t\t\t\t\t\t\t\t<\/div>\n\t\t\t\t<\/div>\n\t\t\t\t<div class=\"elementor-element elementor-element-30a3188 elementor-widget elementor-widget-text-editor\" data-id=\"30a3188\" data-element_type=\"widget\" data-e-type=\"widget\" data-widget_type=\"text-editor.default\">\n\t\t\t\t<div class=\"elementor-widget-container\">\n\t\t\t\t\t\t\t\t\t<p><strong>Certificats PEB<\/strong><\/p>\n\t\t\t\t\t\t\t\t<\/div>\n\t\t\t\t<\/div>\n\t\t\t\t<\/div>\n\t\t<div class=\"elementor-element elementor-element-a052741 e-con-full e-flex e-con e-child\" data-id=\"a052741\" data-element_type=\"container\" data-e-type=\"container\">\n\t\t\t\t<div class=\"elementor-element elementor-element-e4f6141 dce_masking-none elementor-widget elementor-widget-image\" data-id=\"e4f6141\" data-element_type=\"widget\" data-e-type=\"widget\" data-widget_type=\"image.default\">\n\t\t\t\t<div class=\"elementor-widget-container\">\n\t\t\t\t\t\t\t\t\t\t\t\t\t\t\t\t<a href=\"https:\/\/corefm.be\/fr\/plan-directeur-de-renovation\/\">\n\t\t\t\t\t\t\t<img loading=\"lazy\" decoding=\"async\" width=\"800\" height=\"800\" src=\"https:\/\/corefm.be\/wp-content\/uploads\/2023\/09\/Periode.svg\" class=\"attachment-large size-large wp-image-1293\" alt=\"\" \/>\t\t\t\t\t\t\t\t<\/a>\n\t\t\t\t\t\t\t\t\t\t\t\t\t\t\t<\/div>\n\t\t\t\t<\/div>\n\t\t\t\t<div class=\"elementor-element elementor-element-37fa12e elementor-widget elementor-widget-text-editor\" data-id=\"37fa12e\" data-element_type=\"widget\" data-e-type=\"widget\" data-widget_type=\"text-editor.default\">\n\t\t\t\t<div class=\"elementor-widget-container\">\n\t\t\t\t\t\t\t\t\t<p><strong>Plan directeur de r\u00e9novation<\/strong><\/p>\n\t\t\t\t\t\t\t\t<\/div>\n\t\t\t\t<\/div>\n\t\t\t\t<\/div>\n\t\t<div class=\"elementor-element elementor-element-e6ac1e6 e-con-full e-flex e-con e-child\" data-id=\"e6ac1e6\" data-element_type=\"container\" data-e-type=\"container\">\n\t\t\t\t<div class=\"elementor-element elementor-element-1a89019 dce_masking-none elementor-widget elementor-widget-image\" data-id=\"1a89019\" data-element_type=\"widget\" data-e-type=\"widget\" data-widget_type=\"image.default\">\n\t\t\t\t<div class=\"elementor-widget-container\">\n\t\t\t\t\t\t\t\t\t\t\t\t\t\t\t\t<a href=\"https:\/\/corefm.be\/fr\/evaluation-de-la-condition-des-batiments\/\">\n\t\t\t\t\t\t\t<img loading=\"lazy\" decoding=\"async\" width=\"800\" height=\"800\" src=\"https:\/\/corefm.be\/wp-content\/uploads\/2023\/09\/Blue-Print.svg\" class=\"attachment-large size-large wp-image-1281\" alt=\"\" \/>\t\t\t\t\t\t\t\t<\/a>\n\t\t\t\t\t\t\t\t\t\t\t\t\t\t\t<\/div>\n\t\t\t\t<\/div>\n\t\t\t\t<div class=\"elementor-element elementor-element-eda0991 elementor-widget elementor-widget-text-editor\" data-id=\"eda0991\" data-element_type=\"widget\" data-e-type=\"widget\" data-widget_type=\"text-editor.default\">\n\t\t\t\t<div class=\"elementor-widget-container\">\n\t\t\t\t\t\t\t\t\t<p><strong>\u00c9valuation de la condition des b\u00e2timents<\/strong><\/p>\n\t\t\t\t\t\t\t\t<\/div>\n\t\t\t\t<\/div>\n\t\t\t\t<\/div>\n\t\t<div class=\"elementor-element elementor-element-4d950ea e-con-full e-flex e-con e-child\" data-id=\"4d950ea\" data-element_type=\"container\" data-e-type=\"container\">\n\t\t\t\t<div class=\"elementor-element elementor-element-bf61043 dce_masking-none elementor-widget elementor-widget-image\" data-id=\"bf61043\" data-element_type=\"widget\" data-e-type=\"widget\" data-widget_type=\"image.default\">\n\t\t\t\t<div class=\"elementor-widget-container\">\n\t\t\t\t\t\t\t\t\t\t\t\t\t\t\t\t<a href=\"https:\/\/corefm.be\/fr\/planification-pluriannuelle-de-la-maintenance\/\">\n\t\t\t\t\t\t\t<img loading=\"lazy\" decoding=\"async\" width=\"800\" height=\"800\" src=\"https:\/\/corefm.be\/wp-content\/uploads\/2023\/09\/Presenting.svg\" class=\"attachment-large size-large wp-image-1254\" alt=\"\" \/>\t\t\t\t\t\t\t\t<\/a>\n\t\t\t\t\t\t\t\t\t\t\t\t\t\t\t<\/div>\n\t\t\t\t<\/div>\n\t\t\t\t<div class=\"elementor-element elementor-element-45816b6 elementor-widget elementor-widget-text-editor\" data-id=\"45816b6\" data-element_type=\"widget\" data-e-type=\"widget\" data-widget_type=\"text-editor.default\">\n\t\t\t\t<div class=\"elementor-widget-container\">\n\t\t\t\t\t\t\t\t\t<p><strong>Planification pluriannuelle de la maintenance<\/strong><\/p>\n\t\t\t\t\t\t\t\t<\/div>\n\t\t\t\t<\/div>\n\t\t\t\t<\/div>\n\t\t<div class=\"elementor-element elementor-element-e199683 e-con-full e-flex e-con e-child\" data-id=\"e199683\" data-element_type=\"container\" data-e-type=\"container\">\n\t\t\t\t<div class=\"elementor-element elementor-element-489a45d dce_masking-none elementor-widget elementor-widget-image\" data-id=\"489a45d\" data-element_type=\"widget\" data-e-type=\"widget\" data-widget_type=\"image.default\">\n\t\t\t\t<div class=\"elementor-widget-container\">\n\t\t\t\t\t\t\t\t\t\t\t\t\t\t\t\t<a href=\"https:\/\/corefm.be\/fr\/etude-sur-les-bornes-de-recharge-et-les-panneaux-solaires\/\">\n\t\t\t\t\t\t\t<img loading=\"lazy\" decoding=\"async\" width=\"800\" height=\"800\" src=\"https:\/\/corefm.be\/wp-content\/uploads\/2023\/09\/Premies-1.svg\" class=\"attachment-large size-large wp-image-1230\" alt=\"\" \/>\t\t\t\t\t\t\t\t<\/a>\n\t\t\t\t\t\t\t\t\t\t\t\t\t\t\t<\/div>\n\t\t\t\t<\/div>\n\t\t\t\t<div class=\"elementor-element elementor-element-9e7e006 elementor-widget elementor-widget-text-editor\" data-id=\"9e7e006\" data-element_type=\"widget\" data-e-type=\"widget\" data-widget_type=\"text-editor.default\">\n\t\t\t\t<div class=\"elementor-widget-container\">\n\t\t\t\t\t\t\t\t\t<p><strong>\u00c9tude sur les bornes de recharge et les panneaux solaires<\/strong><\/p>\n\t\t\t\t\t\t\t\t<\/div>\n\t\t\t\t<\/div>\n\t\t\t\t<\/div>\n\t\t<div class=\"elementor-element elementor-element-3c17fbd e-con-full e-flex e-con e-child\" data-id=\"3c17fbd\" data-element_type=\"container\" data-e-type=\"container\">\n\t\t\t\t<div class=\"elementor-element elementor-element-546e19e dce_masking-none elementor-widget elementor-widget-image\" data-id=\"546e19e\" data-element_type=\"widget\" data-e-type=\"widget\" data-widget_type=\"image.default\">\n\t\t\t\t<div class=\"elementor-widget-container\">\n\t\t\t\t\t\t\t\t\t\t\t\t\t\t\t\t<a href=\"https:\/\/corefm.be\/fr\/certificat-amiante\/\">\n\t\t\t\t\t\t\t<img loading=\"lazy\" decoding=\"async\" width=\"800\" height=\"800\" src=\"https:\/\/corefm.be\/wp-content\/uploads\/2023\/09\/Task.svg\" class=\"attachment-large size-large wp-image-1287\" alt=\"\" \/>\t\t\t\t\t\t\t\t<\/a>\n\t\t\t\t\t\t\t\t\t\t\t\t\t\t\t<\/div>\n\t\t\t\t<\/div>\n\t\t\t\t<div class=\"elementor-element elementor-element-d014f77 elementor-widget elementor-widget-text-editor\" data-id=\"d014f77\" data-element_type=\"widget\" data-e-type=\"widget\" data-widget_type=\"text-editor.default\">\n\t\t\t\t<div class=\"elementor-widget-container\">\n\t\t\t\t\t\t\t\t\t<p><strong>Certificat amiante<\/strong><\/p>\n\t\t\t\t\t\t\t\t<\/div>\n\t\t\t\t<\/div>\n\t\t\t\t<\/div>\n\t\t<div class=\"elementor-element elementor-element-0f7e051 e-con-full e-flex e-con e-child\" data-id=\"0f7e051\" data-element_type=\"container\" data-e-type=\"container\">\n\t\t\t\t<div class=\"elementor-element elementor-element-1fc2a18 dce_masking-none elementor-widget elementor-widget-image\" data-id=\"1fc2a18\" data-element_type=\"widget\" data-e-type=\"widget\" data-widget_type=\"image.default\">\n\t\t\t\t<div class=\"elementor-widget-container\">\n\t\t\t\t\t\t\t\t\t\t\t\t\t\t\t\t<a href=\"https:\/\/corefm.be\/fr\/thermographie-infrarouge\/\">\n\t\t\t\t\t\t\t<img loading=\"lazy\" decoding=\"async\" width=\"800\" height=\"800\" src=\"https:\/\/corefm.be\/wp-content\/uploads\/2023\/09\/Organization-kopie-3.svg\" class=\"attachment-large size-large wp-image-1275\" alt=\"\" \/>\t\t\t\t\t\t\t\t<\/a>\n\t\t\t\t\t\t\t\t\t\t\t\t\t\t\t<\/div>\n\t\t\t\t<\/div>\n\t\t\t\t<div class=\"elementor-element elementor-element-59645e9 elementor-widget elementor-widget-text-editor\" data-id=\"59645e9\" data-element_type=\"widget\" data-e-type=\"widget\" data-widget_type=\"text-editor.default\">\n\t\t\t\t<div class=\"elementor-widget-container\">\n\t\t\t\t\t\t\t\t\t<p><strong>Thermographie infrarouge<\/strong><\/p>\n\t\t\t\t\t\t\t\t<\/div>\n\t\t\t\t<\/div>\n\t\t\t\t<\/div>\n\t\t\t\t<\/div>\n\t\t\t\t\t<\/div>\n\t\t\t\t<\/div>\n\t\t\t\t<\/div>\n\t\t","protected":false},"excerpt":{"rendered":"<p>Nos services Coordination Audit \u00e9nerg\u00e9tique Certificats PEB Plan directeur de r\u00e9novation \u00c9valuation de la condition des b\u00e2timents Planification pluriannuelle de la maintenance \u00c9tude sur les bornes de recharge et les panneaux solaires Certificat amiante Thermographie infrarouge<\/p>\n","protected":false},"author":8,"featured_media":0,"parent":0,"menu_order":0,"comment_status":"closed","ping_status":"closed","template":"","meta":{"_acf_changed":false,"inline_featured_image":false,"footnotes":""},"class_list":["post-2024","page","type-page","status-publish","hentry"],"acf":[],"yoast_head":"<!-- This site is optimized with the Yoast SEO plugin v27.3 - https:\/\/yoast.com\/product\/yoast-seo-wordpress\/ -->\n<title>Nos services - Core FM<\/title>\n<meta name=\"description\" content=\"D\u00e9couvrez notre One Stop Shop pour la gestion et r\u00e9novation immobili\u00e8re : certificats amiante, EPC, audits \u00e9nerg\u00e9tiques, \u00e9valuations et plans de r\u00e9novation.\" \/>\n<meta name=\"robots\" content=\"index, follow, max-snippet:-1, max-image-preview:large, max-video-preview:-1\" \/>\n<link rel=\"canonical\" href=\"https:\/\/corefm.be\/fr\/nos-services\/\" \/>\n<meta property=\"og:locale\" content=\"fr_FR\" \/>\n<meta property=\"og:type\" content=\"article\" \/>\n<meta property=\"og:title\" content=\"Nos services - Core FM\" \/>\n<meta property=\"og:description\" content=\"D\u00e9couvrez notre One Stop Shop pour la gestion et r\u00e9novation immobili\u00e8re : certificats amiante, EPC, audits \u00e9nerg\u00e9tiques, \u00e9valuations et plans de r\u00e9novation.\" \/>\n<meta property=\"og:url\" content=\"https:\/\/corefm.be\/fr\/nos-services\/\" \/>\n<meta property=\"og:site_name\" content=\"Core FM\" \/>\n<meta property=\"article:modified_time\" content=\"2025-10-11T17:48:28+00:00\" \/>\n<meta property=\"og:image\" content=\"https:\/\/corefm.be\/wp-content\/uploads\/2023\/09\/Decision-Making.svg\" \/>\n<meta name=\"twitter:card\" content=\"summary_large_image\" \/>\n<meta name=\"twitter:label1\" content=\"Dur\u00e9e de lecture estim\u00e9e\" \/>\n\t<meta name=\"twitter:data1\" content=\"2 minutes\" \/>\n<script type=\"application\/ld+json\" class=\"yoast-schema-graph\">{\"@context\":\"https:\\\/\\\/schema.org\",\"@graph\":[{\"@type\":\"WebPage\",\"@id\":\"https:\\\/\\\/corefm.be\\\/fr\\\/nos-services\\\/\",\"url\":\"https:\\\/\\\/corefm.be\\\/fr\\\/nos-services\\\/\",\"name\":\"Nos services - Core FM\",\"isPartOf\":{\"@id\":\"https:\\\/\\\/corefm.be\\\/fr\\\/#website\"},\"primaryImageOfPage\":{\"@id\":\"https:\\\/\\\/corefm.be\\\/fr\\\/nos-services\\\/#primaryimage\"},\"image\":{\"@id\":\"https:\\\/\\\/corefm.be\\\/fr\\\/nos-services\\\/#primaryimage\"},\"thumbnailUrl\":\"https:\\\/\\\/corefm.be\\\/wp-content\\\/uploads\\\/2023\\\/09\\\/Decision-Making.svg\",\"datePublished\":\"2025-10-08T17:38:05+00:00\",\"dateModified\":\"2025-10-11T17:48:28+00:00\",\"description\":\"D\u00e9couvrez notre One Stop Shop pour la gestion et r\u00e9novation immobili\u00e8re : certificats amiante, EPC, audits \u00e9nerg\u00e9tiques, \u00e9valuations et plans de r\u00e9novation.\",\"breadcrumb\":{\"@id\":\"https:\\\/\\\/corefm.be\\\/fr\\\/nos-services\\\/#breadcrumb\"},\"inLanguage\":\"fr-FR\",\"potentialAction\":[{\"@type\":\"ReadAction\",\"target\":[\"https:\\\/\\\/corefm.be\\\/fr\\\/nos-services\\\/\"]}]},{\"@type\":\"ImageObject\",\"inLanguage\":\"fr-FR\",\"@id\":\"https:\\\/\\\/corefm.be\\\/fr\\\/nos-services\\\/#primaryimage\",\"url\":\"https:\\\/\\\/corefm.be\\\/wp-content\\\/uploads\\\/2023\\\/09\\\/Decision-Making.svg\",\"contentUrl\":\"https:\\\/\\\/corefm.be\\\/wp-content\\\/uploads\\\/2023\\\/09\\\/Decision-Making.svg\"},{\"@type\":\"BreadcrumbList\",\"@id\":\"https:\\\/\\\/corefm.be\\\/fr\\\/nos-services\\\/#breadcrumb\",\"itemListElement\":[{\"@type\":\"ListItem\",\"position\":1,\"name\":\"Home\",\"item\":\"https:\\\/\\\/corefm.be\\\/fr\\\/domicile\\\/\"},{\"@type\":\"ListItem\",\"position\":2,\"name\":\"Nos services\"}]},{\"@type\":\"WebSite\",\"@id\":\"https:\\\/\\\/corefm.be\\\/fr\\\/#website\",\"url\":\"https:\\\/\\\/corefm.be\\\/fr\\\/\",\"name\":\"Core FM\",\"description\":\"Maak je gebouw energetisch future-proof\\\/ klaar voor de toekomst met Core FM\",\"publisher\":{\"@id\":\"https:\\\/\\\/corefm.be\\\/fr\\\/#organization\"},\"potentialAction\":[{\"@type\":\"SearchAction\",\"target\":{\"@type\":\"EntryPoint\",\"urlTemplate\":\"https:\\\/\\\/corefm.be\\\/fr\\\/?s={search_term_string}\"},\"query-input\":{\"@type\":\"PropertyValueSpecification\",\"valueRequired\":true,\"valueName\":\"search_term_string\"}}],\"inLanguage\":\"fr-FR\"},{\"@type\":\"Organization\",\"@id\":\"https:\\\/\\\/corefm.be\\\/fr\\\/#organization\",\"name\":\"Core FM\",\"url\":\"https:\\\/\\\/corefm.be\\\/fr\\\/\",\"logo\":{\"@type\":\"ImageObject\",\"inLanguage\":\"fr-FR\",\"@id\":\"https:\\\/\\\/corefm.be\\\/fr\\\/#\\\/schema\\\/logo\\\/image\\\/\",\"url\":\"https:\\\/\\\/corefm.be\\\/wp-content\\\/uploads\\\/2023\\\/08\\\/logo-corefm.png\",\"contentUrl\":\"https:\\\/\\\/corefm.be\\\/wp-content\\\/uploads\\\/2023\\\/08\\\/logo-corefm.png\",\"width\":1026,\"height\":278,\"caption\":\"Core FM\"},\"image\":{\"@id\":\"https:\\\/\\\/corefm.be\\\/fr\\\/#\\\/schema\\\/logo\\\/image\\\/\"}}]}<\/script>\n<!-- \/ Yoast SEO plugin. -->","yoast_head_json":{"title":"Nos services - Core FM","description":"D\u00e9couvrez notre One Stop Shop pour la gestion et r\u00e9novation immobili\u00e8re : certificats amiante, EPC, audits \u00e9nerg\u00e9tiques, \u00e9valuations et plans de r\u00e9novation.","robots":{"index":"index","follow":"follow","max-snippet":"max-snippet:-1","max-image-preview":"max-image-preview:large","max-video-preview":"max-video-preview:-1"},"canonical":"https:\/\/corefm.be\/fr\/nos-services\/","og_locale":"fr_FR","og_type":"article","og_title":"Nos services - Core FM","og_description":"D\u00e9couvrez notre One Stop Shop pour la gestion et r\u00e9novation immobili\u00e8re : certificats amiante, EPC, audits \u00e9nerg\u00e9tiques, \u00e9valuations et plans de r\u00e9novation.","og_url":"https:\/\/corefm.be\/fr\/nos-services\/","og_site_name":"Core FM","article_modified_time":"2025-10-11T17:48:28+00:00","og_image":[{"url":"https:\/\/corefm.be\/wp-content\/uploads\/2023\/09\/Decision-Making.svg","type":"","width":"","height":""}],"twitter_card":"summary_large_image","twitter_misc":{"Dur\u00e9e de lecture estim\u00e9e":"2 minutes"},"schema":{"@context":"https:\/\/schema.org","@graph":[{"@type":"WebPage","@id":"https:\/\/corefm.be\/fr\/nos-services\/","url":"https:\/\/corefm.be\/fr\/nos-services\/","name":"Nos services - Core FM","isPartOf":{"@id":"https:\/\/corefm.be\/fr\/#website"},"primaryImageOfPage":{"@id":"https:\/\/corefm.be\/fr\/nos-services\/#primaryimage"},"image":{"@id":"https:\/\/corefm.be\/fr\/nos-services\/#primaryimage"},"thumbnailUrl":"https:\/\/corefm.be\/wp-content\/uploads\/2023\/09\/Decision-Making.svg","datePublished":"2025-10-08T17:38:05+00:00","dateModified":"2025-10-11T17:48:28+00:00","description":"D\u00e9couvrez notre One Stop Shop pour la gestion et r\u00e9novation immobili\u00e8re : certificats amiante, EPC, audits \u00e9nerg\u00e9tiques, \u00e9valuations et plans de r\u00e9novation.","breadcrumb":{"@id":"https:\/\/corefm.be\/fr\/nos-services\/#breadcrumb"},"inLanguage":"fr-FR","potentialAction":[{"@type":"ReadAction","target":["https:\/\/corefm.be\/fr\/nos-services\/"]}]},{"@type":"ImageObject","inLanguage":"fr-FR","@id":"https:\/\/corefm.be\/fr\/nos-services\/#primaryimage","url":"https:\/\/corefm.be\/wp-content\/uploads\/2023\/09\/Decision-Making.svg","contentUrl":"https:\/\/corefm.be\/wp-content\/uploads\/2023\/09\/Decision-Making.svg"},{"@type":"BreadcrumbList","@id":"https:\/\/corefm.be\/fr\/nos-services\/#breadcrumb","itemListElement":[{"@type":"ListItem","position":1,"name":"Home","item":"https:\/\/corefm.be\/fr\/domicile\/"},{"@type":"ListItem","position":2,"name":"Nos services"}]},{"@type":"WebSite","@id":"https:\/\/corefm.be\/fr\/#website","url":"https:\/\/corefm.be\/fr\/","name":"Core FM","description":"Maak je gebouw energetisch future-proof\/ klaar voor de toekomst met Core FM","publisher":{"@id":"https:\/\/corefm.be\/fr\/#organization"},"potentialAction":[{"@type":"SearchAction","target":{"@type":"EntryPoint","urlTemplate":"https:\/\/corefm.be\/fr\/?s={search_term_string}"},"query-input":{"@type":"PropertyValueSpecification","valueRequired":true,"valueName":"search_term_string"}}],"inLanguage":"fr-FR"},{"@type":"Organization","@id":"https:\/\/corefm.be\/fr\/#organization","name":"Core FM","url":"https:\/\/corefm.be\/fr\/","logo":{"@type":"ImageObject","inLanguage":"fr-FR","@id":"https:\/\/corefm.be\/fr\/#\/schema\/logo\/image\/","url":"https:\/\/corefm.be\/wp-content\/uploads\/2023\/08\/logo-corefm.png","contentUrl":"https:\/\/corefm.be\/wp-content\/uploads\/2023\/08\/logo-corefm.png","width":1026,"height":278,"caption":"Core FM"},"image":{"@id":"https:\/\/corefm.be\/fr\/#\/schema\/logo\/image\/"}}]}},"_links":{"self":[{"href":"https:\/\/corefm.be\/fr\/wp-json\/wp\/v2\/pages\/2024","targetHints":{"allow":["GET"]}}],"collection":[{"href":"https:\/\/corefm.be\/fr\/wp-json\/wp\/v2\/pages"}],"about":[{"href":"https:\/\/corefm.be\/fr\/wp-json\/wp\/v2\/types\/page"}],"author":[{"embeddable":true,"href":"https:\/\/corefm.be\/fr\/wp-json\/wp\/v2\/users\/8"}],"replies":[{"embeddable":true,"href":"https:\/\/corefm.be\/fr\/wp-json\/wp\/v2\/comments?post=2024"}],"version-history":[{"count":3,"href":"https:\/\/corefm.be\/fr\/wp-json\/wp\/v2\/pages\/2024\/revisions"}],"predecessor-version":[{"id":2032,"href":"https:\/\/corefm.be\/fr\/wp-json\/wp\/v2\/pages\/2024\/revisions\/2032"}],"wp:attachment":[{"href":"https:\/\/corefm.be\/fr\/wp-json\/wp\/v2\/media?parent=2024"}],"curies":[{"name":"wp","href":"https:\/\/api.w.org\/{rel}","templated":true}]}}