{"id":2020,"date":"2025-09-23T20:20:36","date_gmt":"2025-09-23T20:20:36","guid":{"rendered":"https:\/\/corefm.be\/planification-pluriannuelle-de-la-maintenance\/"},"modified":"2025-10-11T17:05:02","modified_gmt":"2025-10-11T17:05:02","slug":"planification-pluriannuelle-de-la-maintenance","status":"publish","type":"page","link":"https:\/\/corefm.be\/fr\/planification-pluriannuelle-de-la-maintenance\/","title":{"rendered":"Planification pluriannuelle de la maintenance"},"content":{"rendered":"\t\t<div data-elementor-type=\"wp-page\" data-elementor-id=\"2020\" class=\"elementor elementor-2020 elementor-1725\" data-elementor-post-type=\"page\">\n\t\t\t\t<div class=\"elementor-element elementor-element-b429289 e-flex e-con-boxed e-con e-parent\" data-id=\"b429289\" data-element_type=\"container\" data-e-type=\"container\">\n\t\t\t\t\t<div class=\"e-con-inner\">\n\t\t\t\t<div class=\"elementor-element elementor-element-abcc9f3 elementor-widget elementor-widget-heading\" data-id=\"abcc9f3\" data-element_type=\"widget\" data-e-type=\"widget\" data-widget_type=\"heading.default\">\n\t\t\t\t<div class=\"elementor-widget-container\">\n\t\t\t\t\t<h2 class=\"elementor-heading-title elementor-size-default\">Planification pluriannuelle de la maintenance<\/h2>\t\t\t\t<\/div>\n\t\t\t\t<\/div>\n\t\t\t\t<div class=\"elementor-element elementor-element-cd1f125 elementor-widget__width-initial elementor-widget elementor-widget-text-editor\" data-id=\"cd1f125\" data-element_type=\"widget\" data-e-type=\"widget\" data-widget_type=\"text-editor.default\">\n\t\t\t\t<div class=\"elementor-widget-container\">\n\t\t\t\t\t\t\t\t\t<p><em>Qu&rsquo;est-ce que c&rsquo;est ?<\/em><\/p>\n<p>Une planification pluriannuelle de la maintenance (PPM) est un plan strat\u00e9gique pour la gestion et la maintenance des b\u00e2timents. L&rsquo;objectif d&rsquo;une PPM est de pr\u00e9server et<br \/>d&rsquo;am\u00e9liorer l&rsquo;\u00e9tat et la dur\u00e9e de vie du b\u00e2timent en planifiant et en budg\u00e9tisant syst\u00e9matiquement les travaux de maintenance sur une p\u00e9riode plus longue, g\u00e9n\u00e9ralement de 5 \u00e0 10 ans, voire jusqu&rsquo;\u00e0 25 ans.<\/p>\n<p>Un PPM bien con\u00e7u est indispensable pour une gestion efficace des b\u00e2timents : il permet de mieux ma\u00eetriser les co\u00fbts, de limiter les risques et de prolonger consid\u00e9rablement la dur\u00e9e de vie des b\u00e2timents.<\/p>\n\t\t\t\t\t\t\t\t<\/div>\n\t\t\t\t<\/div>\n\t\t\t\t<div class=\"elementor-element elementor-element-1400911 elementor-widget elementor-widget-text-editor\" data-id=\"1400911\" data-element_type=\"widget\" data-e-type=\"widget\" data-widget_type=\"text-editor.default\">\n\t\t\t\t<div class=\"elementor-widget-container\">\n\t\t\t\t\t\t\t\t\t<p><em>Plan par \u00e9tapes<\/em><\/p>\n<ol>\n<li><a href=\"https:\/\/corefm.be\/fr\/evaluation-de-la-condition-des-batiments\/\">\u00c9valuation de la condition du b\u00e2timent<\/a><\/li>\n<li>Priorisation<\/li>\n<li>Planification (PPM)<\/li>\n<li>Budg\u00e9tisation<\/li>\n<\/ol>\n\t\t\t\t\t\t\t\t<\/div>\n\t\t\t\t<\/div>\n\t\t\t\t\t<\/div>\n\t\t\t\t<\/div>\n\t\t<div class=\"elementor-element elementor-element-eaccd3a e-flex e-con-boxed e-con e-parent\" data-id=\"eaccd3a\" data-element_type=\"container\" data-e-type=\"container\">\n\t\t\t\t\t<div class=\"e-con-inner\">\n\t\t\t\t<div class=\"elementor-element elementor-element-8c25a39 dce_masking-image elementor-widget elementor-widget-image\" data-id=\"8c25a39\" data-element_type=\"widget\" data-e-type=\"widget\" data-widget_type=\"image.default\">\n\t\t\t\t<div class=\"elementor-widget-container\">\n\t\t\t\t\t\t\t\t\t\t\t\t\t\t\t<img fetchpriority=\"high\" decoding=\"async\" width=\"800\" height=\"534\" src=\"https:\/\/corefm.be\/wp-content\/uploads\/2025\/09\/pexels-pixabay-534174-1024x684.jpg\" class=\"attachment-large size-large wp-image-1796\" alt=\"architecture\" srcset=\"https:\/\/corefm.be\/wp-content\/uploads\/2025\/09\/pexels-pixabay-534174-1024x684.jpg 1024w, https:\/\/corefm.be\/wp-content\/uploads\/2025\/09\/pexels-pixabay-534174-300x200.jpg 300w, https:\/\/corefm.be\/wp-content\/uploads\/2025\/09\/pexels-pixabay-534174-768x513.jpg 768w, https:\/\/corefm.be\/wp-content\/uploads\/2025\/09\/pexels-pixabay-534174-1536x1025.jpg 1536w, https:\/\/corefm.be\/wp-content\/uploads\/2025\/09\/pexels-pixabay-534174-2048x1367.jpg 2048w\" sizes=\"(max-width: 800px) 100vw, 800px\" \/>\t\t\t\t\t\t\t\t\t\t\t\t\t\t\t<\/div>\n\t\t\t\t<\/div>\n\t\t\t\t\t<\/div>\n\t\t\t\t<\/div>\n\t\t\t\t<\/div>\n\t\t","protected":false},"excerpt":{"rendered":"<p>Planification pluriannuelle de la maintenance Qu&rsquo;est-ce que c&rsquo;est ? Une planification pluriannuelle de la maintenance (PPM) est un plan strat\u00e9gique pour la gestion et la maintenance des b\u00e2timents. L&rsquo;objectif d&rsquo;une PPM est de pr\u00e9server etd&rsquo;am\u00e9liorer l&rsquo;\u00e9tat et la dur\u00e9e de vie du b\u00e2timent en planifiant et en budg\u00e9tisant syst\u00e9matiquement les travaux de maintenance sur une [&hellip;]<\/p>\n","protected":false},"author":8,"featured_media":0,"parent":0,"menu_order":0,"comment_status":"closed","ping_status":"closed","template":"","meta":{"_acf_changed":false,"inline_featured_image":false,"footnotes":""},"class_list":["post-2020","page","type-page","status-publish","hentry"],"acf":[],"yoast_head":"<!-- This site is optimized with the Yoast SEO plugin v27.5 - https:\/\/yoast.com\/product\/yoast-seo-wordpress\/ -->\n<title>Planification pluriannuelle de la maintenance - Core FM<\/title>\n<meta name=\"robots\" content=\"index, follow, max-snippet:-1, max-image-preview:large, max-video-preview:-1\" \/>\n<link rel=\"canonical\" href=\"https:\/\/corefm.be\/fr\/planification-pluriannuelle-de-la-maintenance\/\" \/>\n<meta property=\"og:locale\" content=\"fr_FR\" \/>\n<meta property=\"og:type\" content=\"article\" \/>\n<meta property=\"og:title\" content=\"Planification pluriannuelle de la maintenance - Core FM\" \/>\n<meta property=\"og:description\" content=\"Planification pluriannuelle de la maintenance Qu&rsquo;est-ce que c&rsquo;est ? Une planification pluriannuelle de la maintenance (PPM) est un plan strat\u00e9gique pour la gestion et la maintenance des b\u00e2timents. L&rsquo;objectif d&rsquo;une PPM est de pr\u00e9server etd&rsquo;am\u00e9liorer l&rsquo;\u00e9tat et la dur\u00e9e de vie du b\u00e2timent en planifiant et en budg\u00e9tisant syst\u00e9matiquement les travaux de maintenance sur une [&hellip;]\" \/>\n<meta property=\"og:url\" content=\"https:\/\/corefm.be\/fr\/planification-pluriannuelle-de-la-maintenance\/\" \/>\n<meta property=\"og:site_name\" content=\"Core FM\" \/>\n<meta property=\"article:modified_time\" content=\"2025-10-11T17:05:02+00:00\" \/>\n<meta property=\"og:image\" content=\"https:\/\/corefm.be\/wp-content\/uploads\/2025\/09\/pexels-pixabay-534174-scaled.jpg\" \/>\n\t<meta property=\"og:image:width\" content=\"2560\" \/>\n\t<meta property=\"og:image:height\" content=\"1709\" \/>\n\t<meta property=\"og:image:type\" content=\"image\/jpeg\" \/>\n<meta name=\"twitter:card\" content=\"summary_large_image\" \/>\n<meta name=\"twitter:label1\" content=\"Dur\u00e9e de lecture estim\u00e9e\" \/>\n\t<meta name=\"twitter:data1\" content=\"1 minute\" \/>\n<script type=\"application\/ld+json\" class=\"yoast-schema-graph\">{\"@context\":\"https:\\\/\\\/schema.org\",\"@graph\":[{\"@type\":\"WebPage\",\"@id\":\"https:\\\/\\\/corefm.be\\\/fr\\\/planification-pluriannuelle-de-la-maintenance\\\/\",\"url\":\"https:\\\/\\\/corefm.be\\\/fr\\\/planification-pluriannuelle-de-la-maintenance\\\/\",\"name\":\"Planification pluriannuelle de la maintenance - Core FM\",\"isPartOf\":{\"@id\":\"https:\\\/\\\/corefm.be\\\/fr\\\/#website\"},\"primaryImageOfPage\":{\"@id\":\"https:\\\/\\\/corefm.be\\\/fr\\\/planification-pluriannuelle-de-la-maintenance\\\/#primaryimage\"},\"image\":{\"@id\":\"https:\\\/\\\/corefm.be\\\/fr\\\/planification-pluriannuelle-de-la-maintenance\\\/#primaryimage\"},\"thumbnailUrl\":\"https:\\\/\\\/corefm.be\\\/wp-content\\\/uploads\\\/2025\\\/09\\\/pexels-pixabay-534174-1024x684.jpg\",\"datePublished\":\"2025-09-23T20:20:36+00:00\",\"dateModified\":\"2025-10-11T17:05:02+00:00\",\"breadcrumb\":{\"@id\":\"https:\\\/\\\/corefm.be\\\/fr\\\/planification-pluriannuelle-de-la-maintenance\\\/#breadcrumb\"},\"inLanguage\":\"fr-FR\",\"potentialAction\":[{\"@type\":\"ReadAction\",\"target\":[\"https:\\\/\\\/corefm.be\\\/fr\\\/planification-pluriannuelle-de-la-maintenance\\\/\"]}]},{\"@type\":\"ImageObject\",\"inLanguage\":\"fr-FR\",\"@id\":\"https:\\\/\\\/corefm.be\\\/fr\\\/planification-pluriannuelle-de-la-maintenance\\\/#primaryimage\",\"url\":\"https:\\\/\\\/corefm.be\\\/wp-content\\\/uploads\\\/2025\\\/09\\\/pexels-pixabay-534174-1024x684.jpg\",\"contentUrl\":\"https:\\\/\\\/corefm.be\\\/wp-content\\\/uploads\\\/2025\\\/09\\\/pexels-pixabay-534174-1024x684.jpg\"},{\"@type\":\"BreadcrumbList\",\"@id\":\"https:\\\/\\\/corefm.be\\\/fr\\\/planification-pluriannuelle-de-la-maintenance\\\/#breadcrumb\",\"itemListElement\":[{\"@type\":\"ListItem\",\"position\":1,\"name\":\"Home\",\"item\":\"https:\\\/\\\/corefm.be\\\/fr\\\/domicile\\\/\"},{\"@type\":\"ListItem\",\"position\":2,\"name\":\"Planification pluriannuelle de la maintenance\"}]},{\"@type\":\"WebSite\",\"@id\":\"https:\\\/\\\/corefm.be\\\/fr\\\/#website\",\"url\":\"https:\\\/\\\/corefm.be\\\/fr\\\/\",\"name\":\"Core FM\",\"description\":\"Maak je gebouw energetisch future-proof\\\/ klaar voor de toekomst met Core FM\",\"publisher\":{\"@id\":\"https:\\\/\\\/corefm.be\\\/fr\\\/#organization\"},\"potentialAction\":[{\"@type\":\"SearchAction\",\"target\":{\"@type\":\"EntryPoint\",\"urlTemplate\":\"https:\\\/\\\/corefm.be\\\/fr\\\/?s={search_term_string}\"},\"query-input\":{\"@type\":\"PropertyValueSpecification\",\"valueRequired\":true,\"valueName\":\"search_term_string\"}}],\"inLanguage\":\"fr-FR\"},{\"@type\":\"Organization\",\"@id\":\"https:\\\/\\\/corefm.be\\\/fr\\\/#organization\",\"name\":\"Core FM\",\"url\":\"https:\\\/\\\/corefm.be\\\/fr\\\/\",\"logo\":{\"@type\":\"ImageObject\",\"inLanguage\":\"fr-FR\",\"@id\":\"https:\\\/\\\/corefm.be\\\/fr\\\/#\\\/schema\\\/logo\\\/image\\\/\",\"url\":\"https:\\\/\\\/corefm.be\\\/wp-content\\\/uploads\\\/2023\\\/08\\\/logo-corefm.png\",\"contentUrl\":\"https:\\\/\\\/corefm.be\\\/wp-content\\\/uploads\\\/2023\\\/08\\\/logo-corefm.png\",\"width\":1026,\"height\":278,\"caption\":\"Core FM\"},\"image\":{\"@id\":\"https:\\\/\\\/corefm.be\\\/fr\\\/#\\\/schema\\\/logo\\\/image\\\/\"}}]}<\/script>\n<!-- \/ Yoast SEO plugin. -->","yoast_head_json":{"title":"Planification pluriannuelle de la maintenance - Core FM","robots":{"index":"index","follow":"follow","max-snippet":"max-snippet:-1","max-image-preview":"max-image-preview:large","max-video-preview":"max-video-preview:-1"},"canonical":"https:\/\/corefm.be\/fr\/planification-pluriannuelle-de-la-maintenance\/","og_locale":"fr_FR","og_type":"article","og_title":"Planification pluriannuelle de la maintenance - Core FM","og_description":"Planification pluriannuelle de la maintenance Qu&rsquo;est-ce que c&rsquo;est ? Une planification pluriannuelle de la maintenance (PPM) est un plan strat\u00e9gique pour la gestion et la maintenance des b\u00e2timents. L&rsquo;objectif d&rsquo;une PPM est de pr\u00e9server etd&rsquo;am\u00e9liorer l&rsquo;\u00e9tat et la dur\u00e9e de vie du b\u00e2timent en planifiant et en budg\u00e9tisant syst\u00e9matiquement les travaux de maintenance sur une [&hellip;]","og_url":"https:\/\/corefm.be\/fr\/planification-pluriannuelle-de-la-maintenance\/","og_site_name":"Core FM","article_modified_time":"2025-10-11T17:05:02+00:00","og_image":[{"width":2560,"height":1709,"url":"https:\/\/corefm.be\/wp-content\/uploads\/2025\/09\/pexels-pixabay-534174-scaled.jpg","type":"image\/jpeg"}],"twitter_card":"summary_large_image","twitter_misc":{"Dur\u00e9e de lecture estim\u00e9e":"1 minute"},"schema":{"@context":"https:\/\/schema.org","@graph":[{"@type":"WebPage","@id":"https:\/\/corefm.be\/fr\/planification-pluriannuelle-de-la-maintenance\/","url":"https:\/\/corefm.be\/fr\/planification-pluriannuelle-de-la-maintenance\/","name":"Planification pluriannuelle de la maintenance - Core FM","isPartOf":{"@id":"https:\/\/corefm.be\/fr\/#website"},"primaryImageOfPage":{"@id":"https:\/\/corefm.be\/fr\/planification-pluriannuelle-de-la-maintenance\/#primaryimage"},"image":{"@id":"https:\/\/corefm.be\/fr\/planification-pluriannuelle-de-la-maintenance\/#primaryimage"},"thumbnailUrl":"https:\/\/corefm.be\/wp-content\/uploads\/2025\/09\/pexels-pixabay-534174-1024x684.jpg","datePublished":"2025-09-23T20:20:36+00:00","dateModified":"2025-10-11T17:05:02+00:00","breadcrumb":{"@id":"https:\/\/corefm.be\/fr\/planification-pluriannuelle-de-la-maintenance\/#breadcrumb"},"inLanguage":"fr-FR","potentialAction":[{"@type":"ReadAction","target":["https:\/\/corefm.be\/fr\/planification-pluriannuelle-de-la-maintenance\/"]}]},{"@type":"ImageObject","inLanguage":"fr-FR","@id":"https:\/\/corefm.be\/fr\/planification-pluriannuelle-de-la-maintenance\/#primaryimage","url":"https:\/\/corefm.be\/wp-content\/uploads\/2025\/09\/pexels-pixabay-534174-1024x684.jpg","contentUrl":"https:\/\/corefm.be\/wp-content\/uploads\/2025\/09\/pexels-pixabay-534174-1024x684.jpg"},{"@type":"BreadcrumbList","@id":"https:\/\/corefm.be\/fr\/planification-pluriannuelle-de-la-maintenance\/#breadcrumb","itemListElement":[{"@type":"ListItem","position":1,"name":"Home","item":"https:\/\/corefm.be\/fr\/domicile\/"},{"@type":"ListItem","position":2,"name":"Planification pluriannuelle de la maintenance"}]},{"@type":"WebSite","@id":"https:\/\/corefm.be\/fr\/#website","url":"https:\/\/corefm.be\/fr\/","name":"Core FM","description":"Maak je gebouw energetisch future-proof\/ klaar voor de toekomst met Core FM","publisher":{"@id":"https:\/\/corefm.be\/fr\/#organization"},"potentialAction":[{"@type":"SearchAction","target":{"@type":"EntryPoint","urlTemplate":"https:\/\/corefm.be\/fr\/?s={search_term_string}"},"query-input":{"@type":"PropertyValueSpecification","valueRequired":true,"valueName":"search_term_string"}}],"inLanguage":"fr-FR"},{"@type":"Organization","@id":"https:\/\/corefm.be\/fr\/#organization","name":"Core FM","url":"https:\/\/corefm.be\/fr\/","logo":{"@type":"ImageObject","inLanguage":"fr-FR","@id":"https:\/\/corefm.be\/fr\/#\/schema\/logo\/image\/","url":"https:\/\/corefm.be\/wp-content\/uploads\/2023\/08\/logo-corefm.png","contentUrl":"https:\/\/corefm.be\/wp-content\/uploads\/2023\/08\/logo-corefm.png","width":1026,"height":278,"caption":"Core FM"},"image":{"@id":"https:\/\/corefm.be\/fr\/#\/schema\/logo\/image\/"}}]}},"_links":{"self":[{"href":"https:\/\/corefm.be\/fr\/wp-json\/wp\/v2\/pages\/2020","targetHints":{"allow":["GET"]}}],"collection":[{"href":"https:\/\/corefm.be\/fr\/wp-json\/wp\/v2\/pages"}],"about":[{"href":"https:\/\/corefm.be\/fr\/wp-json\/wp\/v2\/types\/page"}],"author":[{"embeddable":true,"href":"https:\/\/corefm.be\/fr\/wp-json\/wp\/v2\/users\/8"}],"replies":[{"embeddable":true,"href":"https:\/\/corefm.be\/fr\/wp-json\/wp\/v2\/comments?post=2020"}],"version-history":[{"count":1,"href":"https:\/\/corefm.be\/fr\/wp-json\/wp\/v2\/pages\/2020\/revisions"}],"predecessor-version":[{"id":2021,"href":"https:\/\/corefm.be\/fr\/wp-json\/wp\/v2\/pages\/2020\/revisions\/2021"}],"wp:attachment":[{"href":"https:\/\/corefm.be\/fr\/wp-json\/wp\/v2\/media?parent=2020"}],"curies":[{"name":"wp","href":"https:\/\/api.w.org\/{rel}","templated":true}]}}