{"id":2008,"date":"2025-09-15T20:02:24","date_gmt":"2025-09-15T20:02:24","guid":{"rendered":"https:\/\/corefm.be\/audit-energetique\/"},"modified":"2025-10-11T17:41:27","modified_gmt":"2025-10-11T17:41:27","slug":"audit-energetique","status":"publish","type":"page","link":"https:\/\/corefm.be\/fr\/audit-energetique\/","title":{"rendered":"Audit \u00e9nerg\u00e9tique"},"content":{"rendered":"\t\t<div data-elementor-type=\"wp-page\" data-elementor-id=\"2008\" class=\"elementor elementor-2008 elementor-1735\" data-elementor-post-type=\"page\">\n\t\t\t\t<div class=\"elementor-element elementor-element-85908c5 e-flex e-con-boxed e-con e-parent\" data-id=\"85908c5\" data-element_type=\"container\" data-e-type=\"container\">\n\t\t\t\t\t<div class=\"e-con-inner\">\n\t\t\t\t<div class=\"elementor-element elementor-element-80196fe elementor-widget elementor-widget-heading\" data-id=\"80196fe\" data-element_type=\"widget\" data-e-type=\"widget\" data-widget_type=\"heading.default\">\n\t\t\t\t<div class=\"elementor-widget-container\">\n\t\t\t\t\t<h2 class=\"elementor-heading-title elementor-size-default\">Audit \u00e9nerg\u00e9tique<\/h2>\t\t\t\t<\/div>\n\t\t\t\t<\/div>\n\t\t\t\t<div class=\"elementor-element elementor-element-27c3512 elementor-widget elementor-widget-text-editor\" data-id=\"27c3512\" data-element_type=\"widget\" data-e-type=\"widget\" data-widget_type=\"text-editor.default\">\n\t\t\t\t<div class=\"elementor-widget-container\">\n\t\t\t\t\t\t\t\t\t<p><em>Qu&rsquo;est-ce que c&rsquo;est ?<\/em><\/p>\n<p>Un audit \u00e9nerg\u00e9tique est une <strong>analyse approfondie<\/strong> de la consommation d&rsquo;\u00e9nergie et de l&rsquo;efficacit\u00e9 \u00e9nerg\u00e9tique d&rsquo;un b\u00e2timent, d&rsquo;un processus ou d&rsquo;une organisation.<\/p>\n<p>L&rsquo;objectif d&rsquo;un audit \u00e9nerg\u00e9tique est de fournir un aper\u00e7u de la consommation d&rsquo;\u00e9nergie actuelle et de <strong>formuler des recommandations<\/strong> pour \u00e9conomiser l&rsquo;\u00e9nergie et<br \/>augmenter l&rsquo;efficacit\u00e9.<\/p>\n\t\t\t\t\t\t\t\t<\/div>\n\t\t\t\t<\/div>\n\t\t\t\t<div class=\"elementor-element elementor-element-83c5704 elementor-widget elementor-widget-text-editor\" data-id=\"83c5704\" data-element_type=\"widget\" data-e-type=\"widget\" data-widget_type=\"text-editor.default\">\n\t\t\t\t<div class=\"elementor-widget-container\">\n\t\t\t\t\t\t\t\t\t<p><em>Plan par \u00e9tapes<\/em><\/p>\n<ol>\n<li>Collecte de donn\u00e9es<\/li>\n<li>Inspection et \u00e9valuation<\/li>\n<li>Analyse<\/li>\n<li>Recommandations<\/li>\n<\/ol>\n\t\t\t\t\t\t\t\t<\/div>\n\t\t\t\t<\/div>\n\t\t\t\t\t<\/div>\n\t\t\t\t<\/div>\n\t\t\t\t<\/div>\n\t\t","protected":false},"excerpt":{"rendered":"<p>Audit \u00e9nerg\u00e9tique Qu&rsquo;est-ce que c&rsquo;est ? Un audit \u00e9nerg\u00e9tique est une analyse approfondie de la consommation d&rsquo;\u00e9nergie et de l&rsquo;efficacit\u00e9 \u00e9nerg\u00e9tique d&rsquo;un b\u00e2timent, d&rsquo;un processus ou d&rsquo;une organisation. L&rsquo;objectif d&rsquo;un audit \u00e9nerg\u00e9tique est de fournir un aper\u00e7u de la consommation d&rsquo;\u00e9nergie actuelle et de formuler des recommandations pour \u00e9conomiser l&rsquo;\u00e9nergie etaugmenter l&rsquo;efficacit\u00e9. Plan par \u00e9tapes [&hellip;]<\/p>\n","protected":false},"author":8,"featured_media":0,"parent":0,"menu_order":0,"comment_status":"closed","ping_status":"closed","template":"","meta":{"_acf_changed":false,"inline_featured_image":false,"footnotes":""},"class_list":["post-2008","page","type-page","status-publish","hentry"],"acf":[],"yoast_head":"<!-- This site is optimized with the Yoast SEO plugin v27.3 - https:\/\/yoast.com\/product\/yoast-seo-wordpress\/ -->\n<title>Audit \u00e9nerg\u00e9tique - Core FM<\/title>\n<meta name=\"description\" content=\"Un audit \u00e9nerg\u00e9tique analyse votre consommation et votre efficacit\u00e9. D\u00e9couvrez des recommandations concr\u00e8tes pour \u00e9conomiser l\u2019\u00e9nergie et r\u00e9duire les co\u00fbts.\" \/>\n<meta name=\"robots\" content=\"index, follow, max-snippet:-1, max-image-preview:large, max-video-preview:-1\" \/>\n<link rel=\"canonical\" href=\"https:\/\/corefm.be\/fr\/audit-energetique\/\" \/>\n<meta property=\"og:locale\" content=\"fr_FR\" \/>\n<meta property=\"og:type\" content=\"article\" \/>\n<meta property=\"og:title\" content=\"Audit \u00e9nerg\u00e9tique - Core FM\" \/>\n<meta property=\"og:description\" content=\"Un audit \u00e9nerg\u00e9tique analyse votre consommation et votre efficacit\u00e9. D\u00e9couvrez des recommandations concr\u00e8tes pour \u00e9conomiser l\u2019\u00e9nergie et r\u00e9duire les co\u00fbts.\" \/>\n<meta property=\"og:url\" content=\"https:\/\/corefm.be\/fr\/audit-energetique\/\" \/>\n<meta property=\"og:site_name\" content=\"Core FM\" \/>\n<meta property=\"article:modified_time\" content=\"2025-10-11T17:41:27+00:00\" \/>\n<meta name=\"twitter:card\" content=\"summary_large_image\" \/>\n<meta name=\"twitter:label1\" content=\"Dur\u00e9e de lecture estim\u00e9e\" \/>\n\t<meta name=\"twitter:data1\" content=\"1 minute\" \/>\n<script type=\"application\/ld+json\" class=\"yoast-schema-graph\">{\"@context\":\"https:\\\/\\\/schema.org\",\"@graph\":[{\"@type\":\"WebPage\",\"@id\":\"https:\\\/\\\/corefm.be\\\/fr\\\/audit-energetique\\\/\",\"url\":\"https:\\\/\\\/corefm.be\\\/fr\\\/audit-energetique\\\/\",\"name\":\"Audit \u00e9nerg\u00e9tique - Core FM\",\"isPartOf\":{\"@id\":\"https:\\\/\\\/corefm.be\\\/fr\\\/#website\"},\"datePublished\":\"2025-09-15T20:02:24+00:00\",\"dateModified\":\"2025-10-11T17:41:27+00:00\",\"description\":\"Un audit \u00e9nerg\u00e9tique analyse votre consommation et votre efficacit\u00e9. D\u00e9couvrez des recommandations concr\u00e8tes pour \u00e9conomiser l\u2019\u00e9nergie et r\u00e9duire les co\u00fbts.\",\"breadcrumb\":{\"@id\":\"https:\\\/\\\/corefm.be\\\/fr\\\/audit-energetique\\\/#breadcrumb\"},\"inLanguage\":\"fr-FR\",\"potentialAction\":[{\"@type\":\"ReadAction\",\"target\":[\"https:\\\/\\\/corefm.be\\\/fr\\\/audit-energetique\\\/\"]}]},{\"@type\":\"BreadcrumbList\",\"@id\":\"https:\\\/\\\/corefm.be\\\/fr\\\/audit-energetique\\\/#breadcrumb\",\"itemListElement\":[{\"@type\":\"ListItem\",\"position\":1,\"name\":\"Home\",\"item\":\"https:\\\/\\\/corefm.be\\\/fr\\\/domicile\\\/\"},{\"@type\":\"ListItem\",\"position\":2,\"name\":\"Audit \u00e9nerg\u00e9tique\"}]},{\"@type\":\"WebSite\",\"@id\":\"https:\\\/\\\/corefm.be\\\/fr\\\/#website\",\"url\":\"https:\\\/\\\/corefm.be\\\/fr\\\/\",\"name\":\"Core FM\",\"description\":\"Maak je gebouw energetisch future-proof\\\/ klaar voor de toekomst met Core FM\",\"publisher\":{\"@id\":\"https:\\\/\\\/corefm.be\\\/fr\\\/#organization\"},\"potentialAction\":[{\"@type\":\"SearchAction\",\"target\":{\"@type\":\"EntryPoint\",\"urlTemplate\":\"https:\\\/\\\/corefm.be\\\/fr\\\/?s={search_term_string}\"},\"query-input\":{\"@type\":\"PropertyValueSpecification\",\"valueRequired\":true,\"valueName\":\"search_term_string\"}}],\"inLanguage\":\"fr-FR\"},{\"@type\":\"Organization\",\"@id\":\"https:\\\/\\\/corefm.be\\\/fr\\\/#organization\",\"name\":\"Core FM\",\"url\":\"https:\\\/\\\/corefm.be\\\/fr\\\/\",\"logo\":{\"@type\":\"ImageObject\",\"inLanguage\":\"fr-FR\",\"@id\":\"https:\\\/\\\/corefm.be\\\/fr\\\/#\\\/schema\\\/logo\\\/image\\\/\",\"url\":\"https:\\\/\\\/corefm.be\\\/wp-content\\\/uploads\\\/2023\\\/08\\\/logo-corefm.png\",\"contentUrl\":\"https:\\\/\\\/corefm.be\\\/wp-content\\\/uploads\\\/2023\\\/08\\\/logo-corefm.png\",\"width\":1026,\"height\":278,\"caption\":\"Core FM\"},\"image\":{\"@id\":\"https:\\\/\\\/corefm.be\\\/fr\\\/#\\\/schema\\\/logo\\\/image\\\/\"}}]}<\/script>\n<!-- \/ Yoast SEO plugin. -->","yoast_head_json":{"title":"Audit \u00e9nerg\u00e9tique - Core FM","description":"Un audit \u00e9nerg\u00e9tique analyse votre consommation et votre efficacit\u00e9. D\u00e9couvrez des recommandations concr\u00e8tes pour \u00e9conomiser l\u2019\u00e9nergie et r\u00e9duire les co\u00fbts.","robots":{"index":"index","follow":"follow","max-snippet":"max-snippet:-1","max-image-preview":"max-image-preview:large","max-video-preview":"max-video-preview:-1"},"canonical":"https:\/\/corefm.be\/fr\/audit-energetique\/","og_locale":"fr_FR","og_type":"article","og_title":"Audit \u00e9nerg\u00e9tique - Core FM","og_description":"Un audit \u00e9nerg\u00e9tique analyse votre consommation et votre efficacit\u00e9. D\u00e9couvrez des recommandations concr\u00e8tes pour \u00e9conomiser l\u2019\u00e9nergie et r\u00e9duire les co\u00fbts.","og_url":"https:\/\/corefm.be\/fr\/audit-energetique\/","og_site_name":"Core FM","article_modified_time":"2025-10-11T17:41:27+00:00","twitter_card":"summary_large_image","twitter_misc":{"Dur\u00e9e de lecture estim\u00e9e":"1 minute"},"schema":{"@context":"https:\/\/schema.org","@graph":[{"@type":"WebPage","@id":"https:\/\/corefm.be\/fr\/audit-energetique\/","url":"https:\/\/corefm.be\/fr\/audit-energetique\/","name":"Audit \u00e9nerg\u00e9tique - Core FM","isPartOf":{"@id":"https:\/\/corefm.be\/fr\/#website"},"datePublished":"2025-09-15T20:02:24+00:00","dateModified":"2025-10-11T17:41:27+00:00","description":"Un audit \u00e9nerg\u00e9tique analyse votre consommation et votre efficacit\u00e9. D\u00e9couvrez des recommandations concr\u00e8tes pour \u00e9conomiser l\u2019\u00e9nergie et r\u00e9duire les co\u00fbts.","breadcrumb":{"@id":"https:\/\/corefm.be\/fr\/audit-energetique\/#breadcrumb"},"inLanguage":"fr-FR","potentialAction":[{"@type":"ReadAction","target":["https:\/\/corefm.be\/fr\/audit-energetique\/"]}]},{"@type":"BreadcrumbList","@id":"https:\/\/corefm.be\/fr\/audit-energetique\/#breadcrumb","itemListElement":[{"@type":"ListItem","position":1,"name":"Home","item":"https:\/\/corefm.be\/fr\/domicile\/"},{"@type":"ListItem","position":2,"name":"Audit \u00e9nerg\u00e9tique"}]},{"@type":"WebSite","@id":"https:\/\/corefm.be\/fr\/#website","url":"https:\/\/corefm.be\/fr\/","name":"Core FM","description":"Maak je gebouw energetisch future-proof\/ klaar voor de toekomst met Core FM","publisher":{"@id":"https:\/\/corefm.be\/fr\/#organization"},"potentialAction":[{"@type":"SearchAction","target":{"@type":"EntryPoint","urlTemplate":"https:\/\/corefm.be\/fr\/?s={search_term_string}"},"query-input":{"@type":"PropertyValueSpecification","valueRequired":true,"valueName":"search_term_string"}}],"inLanguage":"fr-FR"},{"@type":"Organization","@id":"https:\/\/corefm.be\/fr\/#organization","name":"Core FM","url":"https:\/\/corefm.be\/fr\/","logo":{"@type":"ImageObject","inLanguage":"fr-FR","@id":"https:\/\/corefm.be\/fr\/#\/schema\/logo\/image\/","url":"https:\/\/corefm.be\/wp-content\/uploads\/2023\/08\/logo-corefm.png","contentUrl":"https:\/\/corefm.be\/wp-content\/uploads\/2023\/08\/logo-corefm.png","width":1026,"height":278,"caption":"Core FM"},"image":{"@id":"https:\/\/corefm.be\/fr\/#\/schema\/logo\/image\/"}}]}},"_links":{"self":[{"href":"https:\/\/corefm.be\/fr\/wp-json\/wp\/v2\/pages\/2008","targetHints":{"allow":["GET"]}}],"collection":[{"href":"https:\/\/corefm.be\/fr\/wp-json\/wp\/v2\/pages"}],"about":[{"href":"https:\/\/corefm.be\/fr\/wp-json\/wp\/v2\/types\/page"}],"author":[{"embeddable":true,"href":"https:\/\/corefm.be\/fr\/wp-json\/wp\/v2\/users\/8"}],"replies":[{"embeddable":true,"href":"https:\/\/corefm.be\/fr\/wp-json\/wp\/v2\/comments?post=2008"}],"version-history":[{"count":1,"href":"https:\/\/corefm.be\/fr\/wp-json\/wp\/v2\/pages\/2008\/revisions"}],"predecessor-version":[{"id":2009,"href":"https:\/\/corefm.be\/fr\/wp-json\/wp\/v2\/pages\/2008\/revisions\/2009"}],"wp:attachment":[{"href":"https:\/\/corefm.be\/fr\/wp-json\/wp\/v2\/media?parent=2008"}],"curies":[{"name":"wp","href":"https:\/\/api.w.org\/{rel}","templated":true}]}}