{"id":2004,"date":"2025-09-15T20:24:11","date_gmt":"2025-09-15T20:24:11","guid":{"rendered":"https:\/\/corefm.be\/coordination-de-la-renovation-energetique\/"},"modified":"2025-10-11T17:39:26","modified_gmt":"2025-10-11T17:39:26","slug":"coordination-de-la-renovation-energetique","status":"publish","type":"page","link":"https:\/\/corefm.be\/fr\/coordination-de-la-renovation-energetique\/","title":{"rendered":"Coordination de la r\u00e9novation (\u00e9nerg\u00e9tique)"},"content":{"rendered":"\t\t<div data-elementor-type=\"wp-page\" data-elementor-id=\"2004\" class=\"elementor elementor-2004 elementor-1752\" data-elementor-post-type=\"page\">\n\t\t\t\t<div class=\"elementor-element elementor-element-9b20244 e-flex e-con-boxed e-con e-parent\" data-id=\"9b20244\" data-element_type=\"container\" data-e-type=\"container\">\n\t\t\t\t\t<div class=\"e-con-inner\">\n\t\t\t\t<div class=\"elementor-element elementor-element-d9b2de2 elementor-widget elementor-widget-heading\" data-id=\"d9b2de2\" data-element_type=\"widget\" data-e-type=\"widget\" data-widget_type=\"heading.default\">\n\t\t\t\t<div class=\"elementor-widget-container\">\n\t\t\t\t\t<h2 class=\"elementor-heading-title elementor-size-default\">Coordination de la r\u00e9novation (\u00e9nerg\u00e9tique)<\/h2>\t\t\t\t<\/div>\n\t\t\t\t<\/div>\n\t\t\t\t<div class=\"elementor-element elementor-element-5b8fd96 elementor-widget elementor-widget-text-editor\" data-id=\"5b8fd96\" data-element_type=\"widget\" data-e-type=\"widget\" data-widget_type=\"text-editor.default\">\n\t\t\t\t<div class=\"elementor-widget-container\">\n\t\t\t\t\t\t\t\t\t<p><em>Qu&rsquo;est-ce que c&rsquo;est ?<\/em><\/p>\n<p>En tant que <strong>guichet unique (One Stop Shop)<\/strong>, nous proposons, outre des conseils et des \u00e9tudes, des services de gestion de projet. La r\u00e9alisation des objectifs de<br \/>durabilit\u00e9 n&rsquo;\u00e9tant pas une \u00e9vidence et la qualit\u00e9 de l&rsquo;ex\u00e9cution \u00e9tant d\u00e9terminante pour une longue dur\u00e9e de vie et moins de complications, vous pouvez faire appel \u00e0<br \/>nous en tant que coordinateur de chantier. Nous assurons un suivi fluide du projet et du chantier, afin que votre r\u00e9novation se d\u00e9roule de mani\u00e8re efficace et durable.<br \/>Nous nous effor\u00e7ons de rentabiliser au maximum nos co\u00fbts et de vous garantir, en tant que ma\u00eetre d&rsquo;ouvrage, un minimum de soucis.<\/p>\n\t\t\t\t\t\t\t\t<\/div>\n\t\t\t\t<\/div>\n\t\t\t\t<div class=\"elementor-element elementor-element-155eb1a elementor-widget elementor-widget-text-editor\" data-id=\"155eb1a\" data-element_type=\"widget\" data-e-type=\"widget\" data-widget_type=\"text-editor.default\">\n\t\t\t\t<div class=\"elementor-widget-container\">\n\t\t\t\t\t\t\t\t\t<p><em>Plan par \u00e9tapes<\/em><\/p>\n<ol>\n<li>D\u00e9finition du programme des souhaits<\/li>\n<li>Demande de devis et \u00e9tablissement du m\u00e9tr\u00e9<\/li>\n<li>Analyse des devis et conseils<\/li>\n<li>Attribution du march\u00e9 au(x) entrepreneur(s)<\/li>\n<li>Suivi des travaux<\/li>\n<li>Organisation et direction des r\u00e9unions de chantier<\/li>\n<li>Prise en charge des soucis du ma\u00eetre d&rsquo;ouvrage et communication ouverte<\/li>\n<li>V\u00e9rification des \u00e9tats d&rsquo;avancement et contr\u00f4le des co\u00fbts<\/li>\n<li>Participation aux r\u00e9ceptions provisoires et d\u00e9finitives<\/li>\n<\/ol>\n\t\t\t\t\t\t\t\t<\/div>\n\t\t\t\t<\/div>\n\t\t\t\t\t<\/div>\n\t\t\t\t<\/div>\n\t\t\t\t<\/div>\n\t\t","protected":false},"excerpt":{"rendered":"<p>Coordination de la r\u00e9novation (\u00e9nerg\u00e9tique) Qu&rsquo;est-ce que c&rsquo;est ? En tant que guichet unique (One Stop Shop), nous proposons, outre des conseils et des \u00e9tudes, des services de gestion de projet. La r\u00e9alisation des objectifs dedurabilit\u00e9 n&rsquo;\u00e9tant pas une \u00e9vidence et la qualit\u00e9 de l&rsquo;ex\u00e9cution \u00e9tant d\u00e9terminante pour une longue dur\u00e9e de vie et moins [&hellip;]<\/p>\n","protected":false},"author":8,"featured_media":0,"parent":0,"menu_order":0,"comment_status":"closed","ping_status":"closed","template":"","meta":{"_acf_changed":false,"inline_featured_image":false,"footnotes":""},"class_list":["post-2004","page","type-page","status-publish","hentry"],"acf":[],"yoast_head":"<!-- This site is optimized with the Yoast SEO plugin v27.3 - https:\/\/yoast.com\/product\/yoast-seo-wordpress\/ -->\n<title>Coordination de la r\u00e9novation (\u00e9nerg\u00e9tique) - Core FM<\/title>\n<meta name=\"description\" content=\"En tant que One Stop Shop, nous g\u00e9rons votre projet de construction ou de r\u00e9novation de A \u00e0 Z. Coordination efficace, qualit\u00e9 durable et tranquillit\u00e9 d\u2019esprit garanties.\" \/>\n<meta name=\"robots\" content=\"index, follow, max-snippet:-1, max-image-preview:large, max-video-preview:-1\" \/>\n<link rel=\"canonical\" href=\"https:\/\/corefm.be\/fr\/coordination-de-la-renovation-energetique\/\" \/>\n<meta property=\"og:locale\" content=\"fr_FR\" \/>\n<meta property=\"og:type\" content=\"article\" \/>\n<meta property=\"og:title\" content=\"Coordination de la r\u00e9novation (\u00e9nerg\u00e9tique) - Core FM\" \/>\n<meta property=\"og:description\" content=\"En tant que One Stop Shop, nous g\u00e9rons votre projet de construction ou de r\u00e9novation de A \u00e0 Z. Coordination efficace, qualit\u00e9 durable et tranquillit\u00e9 d\u2019esprit garanties.\" \/>\n<meta property=\"og:url\" content=\"https:\/\/corefm.be\/fr\/coordination-de-la-renovation-energetique\/\" \/>\n<meta property=\"og:site_name\" content=\"Core FM\" \/>\n<meta property=\"article:modified_time\" content=\"2025-10-11T17:39:26+00:00\" \/>\n<meta name=\"twitter:card\" content=\"summary_large_image\" \/>\n<meta name=\"twitter:label1\" content=\"Dur\u00e9e de lecture estim\u00e9e\" \/>\n\t<meta name=\"twitter:data1\" content=\"1 minute\" \/>\n<script type=\"application\/ld+json\" class=\"yoast-schema-graph\">{\"@context\":\"https:\\\/\\\/schema.org\",\"@graph\":[{\"@type\":\"WebPage\",\"@id\":\"https:\\\/\\\/corefm.be\\\/fr\\\/coordination-de-la-renovation-energetique\\\/\",\"url\":\"https:\\\/\\\/corefm.be\\\/fr\\\/coordination-de-la-renovation-energetique\\\/\",\"name\":\"Coordination de la r\u00e9novation (\u00e9nerg\u00e9tique) - Core FM\",\"isPartOf\":{\"@id\":\"https:\\\/\\\/corefm.be\\\/fr\\\/#website\"},\"datePublished\":\"2025-09-15T20:24:11+00:00\",\"dateModified\":\"2025-10-11T17:39:26+00:00\",\"description\":\"En tant que One Stop Shop, nous g\u00e9rons votre projet de construction ou de r\u00e9novation de A \u00e0 Z. Coordination efficace, qualit\u00e9 durable et tranquillit\u00e9 d\u2019esprit garanties.\",\"breadcrumb\":{\"@id\":\"https:\\\/\\\/corefm.be\\\/fr\\\/coordination-de-la-renovation-energetique\\\/#breadcrumb\"},\"inLanguage\":\"fr-FR\",\"potentialAction\":[{\"@type\":\"ReadAction\",\"target\":[\"https:\\\/\\\/corefm.be\\\/fr\\\/coordination-de-la-renovation-energetique\\\/\"]}]},{\"@type\":\"BreadcrumbList\",\"@id\":\"https:\\\/\\\/corefm.be\\\/fr\\\/coordination-de-la-renovation-energetique\\\/#breadcrumb\",\"itemListElement\":[{\"@type\":\"ListItem\",\"position\":1,\"name\":\"Home\",\"item\":\"https:\\\/\\\/corefm.be\\\/fr\\\/domicile\\\/\"},{\"@type\":\"ListItem\",\"position\":2,\"name\":\"Coordination de la r\u00e9novation (\u00e9nerg\u00e9tique)\"}]},{\"@type\":\"WebSite\",\"@id\":\"https:\\\/\\\/corefm.be\\\/fr\\\/#website\",\"url\":\"https:\\\/\\\/corefm.be\\\/fr\\\/\",\"name\":\"Core FM\",\"description\":\"Maak je gebouw energetisch future-proof\\\/ klaar voor de toekomst met Core FM\",\"publisher\":{\"@id\":\"https:\\\/\\\/corefm.be\\\/fr\\\/#organization\"},\"potentialAction\":[{\"@type\":\"SearchAction\",\"target\":{\"@type\":\"EntryPoint\",\"urlTemplate\":\"https:\\\/\\\/corefm.be\\\/fr\\\/?s={search_term_string}\"},\"query-input\":{\"@type\":\"PropertyValueSpecification\",\"valueRequired\":true,\"valueName\":\"search_term_string\"}}],\"inLanguage\":\"fr-FR\"},{\"@type\":\"Organization\",\"@id\":\"https:\\\/\\\/corefm.be\\\/fr\\\/#organization\",\"name\":\"Core FM\",\"url\":\"https:\\\/\\\/corefm.be\\\/fr\\\/\",\"logo\":{\"@type\":\"ImageObject\",\"inLanguage\":\"fr-FR\",\"@id\":\"https:\\\/\\\/corefm.be\\\/fr\\\/#\\\/schema\\\/logo\\\/image\\\/\",\"url\":\"https:\\\/\\\/corefm.be\\\/wp-content\\\/uploads\\\/2023\\\/08\\\/logo-corefm.png\",\"contentUrl\":\"https:\\\/\\\/corefm.be\\\/wp-content\\\/uploads\\\/2023\\\/08\\\/logo-corefm.png\",\"width\":1026,\"height\":278,\"caption\":\"Core FM\"},\"image\":{\"@id\":\"https:\\\/\\\/corefm.be\\\/fr\\\/#\\\/schema\\\/logo\\\/image\\\/\"}}]}<\/script>\n<!-- \/ Yoast SEO plugin. -->","yoast_head_json":{"title":"Coordination de la r\u00e9novation (\u00e9nerg\u00e9tique) - Core FM","description":"En tant que One Stop Shop, nous g\u00e9rons votre projet de construction ou de r\u00e9novation de A \u00e0 Z. Coordination efficace, qualit\u00e9 durable et tranquillit\u00e9 d\u2019esprit garanties.","robots":{"index":"index","follow":"follow","max-snippet":"max-snippet:-1","max-image-preview":"max-image-preview:large","max-video-preview":"max-video-preview:-1"},"canonical":"https:\/\/corefm.be\/fr\/coordination-de-la-renovation-energetique\/","og_locale":"fr_FR","og_type":"article","og_title":"Coordination de la r\u00e9novation (\u00e9nerg\u00e9tique) - Core FM","og_description":"En tant que One Stop Shop, nous g\u00e9rons votre projet de construction ou de r\u00e9novation de A \u00e0 Z. Coordination efficace, qualit\u00e9 durable et tranquillit\u00e9 d\u2019esprit garanties.","og_url":"https:\/\/corefm.be\/fr\/coordination-de-la-renovation-energetique\/","og_site_name":"Core FM","article_modified_time":"2025-10-11T17:39:26+00:00","twitter_card":"summary_large_image","twitter_misc":{"Dur\u00e9e de lecture estim\u00e9e":"1 minute"},"schema":{"@context":"https:\/\/schema.org","@graph":[{"@type":"WebPage","@id":"https:\/\/corefm.be\/fr\/coordination-de-la-renovation-energetique\/","url":"https:\/\/corefm.be\/fr\/coordination-de-la-renovation-energetique\/","name":"Coordination de la r\u00e9novation (\u00e9nerg\u00e9tique) - Core FM","isPartOf":{"@id":"https:\/\/corefm.be\/fr\/#website"},"datePublished":"2025-09-15T20:24:11+00:00","dateModified":"2025-10-11T17:39:26+00:00","description":"En tant que One Stop Shop, nous g\u00e9rons votre projet de construction ou de r\u00e9novation de A \u00e0 Z. Coordination efficace, qualit\u00e9 durable et tranquillit\u00e9 d\u2019esprit garanties.","breadcrumb":{"@id":"https:\/\/corefm.be\/fr\/coordination-de-la-renovation-energetique\/#breadcrumb"},"inLanguage":"fr-FR","potentialAction":[{"@type":"ReadAction","target":["https:\/\/corefm.be\/fr\/coordination-de-la-renovation-energetique\/"]}]},{"@type":"BreadcrumbList","@id":"https:\/\/corefm.be\/fr\/coordination-de-la-renovation-energetique\/#breadcrumb","itemListElement":[{"@type":"ListItem","position":1,"name":"Home","item":"https:\/\/corefm.be\/fr\/domicile\/"},{"@type":"ListItem","position":2,"name":"Coordination de la r\u00e9novation (\u00e9nerg\u00e9tique)"}]},{"@type":"WebSite","@id":"https:\/\/corefm.be\/fr\/#website","url":"https:\/\/corefm.be\/fr\/","name":"Core FM","description":"Maak je gebouw energetisch future-proof\/ klaar voor de toekomst met Core FM","publisher":{"@id":"https:\/\/corefm.be\/fr\/#organization"},"potentialAction":[{"@type":"SearchAction","target":{"@type":"EntryPoint","urlTemplate":"https:\/\/corefm.be\/fr\/?s={search_term_string}"},"query-input":{"@type":"PropertyValueSpecification","valueRequired":true,"valueName":"search_term_string"}}],"inLanguage":"fr-FR"},{"@type":"Organization","@id":"https:\/\/corefm.be\/fr\/#organization","name":"Core FM","url":"https:\/\/corefm.be\/fr\/","logo":{"@type":"ImageObject","inLanguage":"fr-FR","@id":"https:\/\/corefm.be\/fr\/#\/schema\/logo\/image\/","url":"https:\/\/corefm.be\/wp-content\/uploads\/2023\/08\/logo-corefm.png","contentUrl":"https:\/\/corefm.be\/wp-content\/uploads\/2023\/08\/logo-corefm.png","width":1026,"height":278,"caption":"Core FM"},"image":{"@id":"https:\/\/corefm.be\/fr\/#\/schema\/logo\/image\/"}}]}},"_links":{"self":[{"href":"https:\/\/corefm.be\/fr\/wp-json\/wp\/v2\/pages\/2004","targetHints":{"allow":["GET"]}}],"collection":[{"href":"https:\/\/corefm.be\/fr\/wp-json\/wp\/v2\/pages"}],"about":[{"href":"https:\/\/corefm.be\/fr\/wp-json\/wp\/v2\/types\/page"}],"author":[{"embeddable":true,"href":"https:\/\/corefm.be\/fr\/wp-json\/wp\/v2\/users\/8"}],"replies":[{"embeddable":true,"href":"https:\/\/corefm.be\/fr\/wp-json\/wp\/v2\/comments?post=2004"}],"version-history":[{"count":3,"href":"https:\/\/corefm.be\/fr\/wp-json\/wp\/v2\/pages\/2004\/revisions"}],"predecessor-version":[{"id":2007,"href":"https:\/\/corefm.be\/fr\/wp-json\/wp\/v2\/pages\/2004\/revisions\/2007"}],"wp:attachment":[{"href":"https:\/\/corefm.be\/fr\/wp-json\/wp\/v2\/media?parent=2004"}],"curies":[{"name":"wp","href":"https:\/\/api.w.org\/{rel}","templated":true}]}}